{"id":17,"date":"2023-07-25T13:48:20","date_gmt":"2023-07-25T16:48:20","guid":{"rendered":"http:\/\/confianzatotal.net\/?page_id=17"},"modified":"2026-03-11T16:19:56","modified_gmt":"2026-03-11T19:19:56","slug":"elementor-17","status":"publish","type":"page","link":"https:\/\/confianzatotal.net\/","title":{"rendered":"Elementor #17"},"content":{"rendered":"\t\t<div data-elementor-type=\"wp-post\" data-elementor-id=\"17\" class=\"elementor elementor-17\">\n\t\t\t\t\t\t<section class=\"elementor-section elementor-top-section elementor-element elementor-element-5cc9320 elementor-section-boxed elementor-section-height-default elementor-section-height-default\" data-id=\"5cc9320\" data-element_type=\"section\">\n\t\t\t\t\t\t<div class=\"elementor-container elementor-column-gap-default\">\n\t\t\t\t\t<div class=\"elementor-column elementor-col-100 elementor-top-column elementor-element elementor-element-065cbbb\" data-id=\"065cbbb\" data-element_type=\"column\">\n\t\t\t<div class=\"elementor-widget-wrap elementor-element-populated\">\n\t\t\t\t\t\t<div class=\"elementor-element elementor-element-c5dc2e0 elementor-widget elementor-widget-image\" data-id=\"c5dc2e0\" data-element_type=\"widget\" data-widget_type=\"image.default\">\n\t\t\t\t<div class=\"elementor-widget-container\">\n\t\t\t<style>\/*! elementor - v3.22.0 - 26-06-2024 *\/\n.elementor-widget-image{text-align:center}.elementor-widget-image a{display:inline-block}.elementor-widget-image a img[src$=\".svg\"]{width:48px}.elementor-widget-image img{vertical-align:middle;display:inline-block}<\/style>\t\t\t\t\t\t\t\t\t\t<img decoding=\"async\" width=\"181\" height=\"90\" src=\"https:\/\/confianzatotal.net\/wp-content\/uploads\/2023\/07\/logo-confianza-total.jpg\" class=\"attachment-large size-large wp-image-19\" alt=\"\" \/>\t\t\t\t\t\t\t\t\t\t\t\t\t<\/div>\n\t\t\t\t<\/div>\n\t\t\t\t\t<\/div>\n\t\t<\/div>\n\t\t\t\t\t<\/div>\n\t\t<\/section>\n\t\t\t\t<section class=\"elementor-section elementor-top-section elementor-element elementor-element-a403444 elementor-section-content-middle elementor-section-boxed elementor-section-height-default elementor-section-height-default\" data-id=\"a403444\" data-element_type=\"section\" data-settings=\"{&quot;background_background&quot;:&quot;gradient&quot;}\">\n\t\t\t\t\t\t<div class=\"elementor-container elementor-column-gap-default\">\n\t\t\t\t\t<div class=\"elementor-column elementor-col-50 elementor-top-column elementor-element elementor-element-dbc5487\" data-id=\"dbc5487\" data-element_type=\"column\">\n\t\t\t<div class=\"elementor-widget-wrap elementor-element-populated\">\n\t\t\t\t\t\t<div class=\"elementor-element elementor-element-3853d09 elementor-widget elementor-widget-elementskit-heading\" data-id=\"3853d09\" data-element_type=\"widget\" data-widget_type=\"elementskit-heading.default\">\n\t\t\t\t<div class=\"elementor-widget-container\">\n\t\t\t<div class=\"ekit-wid-con\" ><div class=\"ekit-heading elementskit-section-title-wraper text_left   ekit_heading_tablet-   ekit_heading_mobile-\"><h3 class=\"elementskit-section-subtitle  \">\n\t\t\t\t\t\t#Cursos que hacen bien!\n\t\t\t\t\t<\/h3><h1 class=\"ekit-heading--title elementskit-section-title \">Cursos de Confianza Total<\/h1>\t\t\t\t<div class='ekit-heading__description'>\n\t\t\t\t\t<p>dictados por Ver\u00f3nica y Florencia Andr\u00e9s con las mejores herramientas.<\/p>\n\t\t\t\t<\/div>\n\t\t\t<\/div><\/div>\t\t<\/div>\n\t\t\t\t<\/div>\n\t\t\t\t<section class=\"elementor-section elementor-inner-section elementor-element elementor-element-b5e4399 elementor-section-boxed elementor-section-height-default elementor-section-height-default\" data-id=\"b5e4399\" data-element_type=\"section\">\n\t\t\t\t\t\t<div class=\"elementor-container elementor-column-gap-default\">\n\t\t\t\t\t<div class=\"elementor-column elementor-col-100 elementor-inner-column elementor-element elementor-element-c0fe115\" data-id=\"c0fe115\" data-element_type=\"column\">\n\t\t\t<div class=\"elementor-widget-wrap\">\n\t\t\t\t\t\t\t<\/div>\n\t\t<\/div>\n\t\t\t\t\t<\/div>\n\t\t<\/section>\n\t\t\t\t\t<\/div>\n\t\t<\/div>\n\t\t\t\t<div class=\"elementor-column elementor-col-50 elementor-top-column elementor-element elementor-element-3f8996d\" data-id=\"3f8996d\" data-element_type=\"column\">\n\t\t\t<div class=\"elementor-widget-wrap elementor-element-populated\">\n\t\t\t\t\t\t<div class=\"elementor-element elementor-element-0f3d857 elementor-widget elementor-widget-image\" data-id=\"0f3d857\" data-element_type=\"widget\" data-widget_type=\"image.default\">\n\t\t\t\t<div class=\"elementor-widget-container\">\n\t\t\t\t\t\t\t\t\t\t\t\t\t<img fetchpriority=\"high\" decoding=\"async\" width=\"453\" height=\"613\" src=\"https:\/\/confianzatotal.net\/wp-content\/uploads\/2023\/07\/confianza-total-florencia-veronica-fondo-alpha.png\" class=\"attachment-medium_large size-medium_large wp-image-20\" alt=\"\" srcset=\"https:\/\/confianzatotal.net\/wp-content\/uploads\/2023\/07\/confianza-total-florencia-veronica-fondo-alpha.png 453w, https:\/\/confianzatotal.net\/wp-content\/uploads\/2023\/07\/confianza-total-florencia-veronica-fondo-alpha-222x300.png 222w\" sizes=\"(max-width: 453px) 100vw, 453px\" \/>\t\t\t\t\t\t\t\t\t\t\t\t\t<\/div>\n\t\t\t\t<\/div>\n\t\t\t\t<div class=\"elementor-element elementor-element-9353a74 elementor-widget elementor-widget-text-editor\" data-id=\"9353a74\" data-element_type=\"widget\" data-widget_type=\"text-editor.default\">\n\t\t\t\t<div class=\"elementor-widget-container\">\n\t\t\t<style>\/*! elementor - v3.22.0 - 26-06-2024 *\/\n.elementor-widget-text-editor.elementor-drop-cap-view-stacked .elementor-drop-cap{background-color:#69727d;color:#fff}.elementor-widget-text-editor.elementor-drop-cap-view-framed .elementor-drop-cap{color:#69727d;border:3px solid;background-color:transparent}.elementor-widget-text-editor:not(.elementor-drop-cap-view-default) .elementor-drop-cap{margin-top:8px}.elementor-widget-text-editor:not(.elementor-drop-cap-view-default) .elementor-drop-cap-letter{width:1em;height:1em}.elementor-widget-text-editor .elementor-drop-cap{float:left;text-align:center;line-height:1;font-size:50px}.elementor-widget-text-editor .elementor-drop-cap-letter{display:inline-block}<\/style>\t\t\t\t<h4>Ver\u00f3nica de Andres &#8211; Florencia Andres<\/h4>\t\t\t\t\t\t<\/div>\n\t\t\t\t<\/div>\n\t\t\t\t\t<\/div>\n\t\t<\/div>\n\t\t\t\t\t<\/div>\n\t\t<\/section>\n\t\t\t\t<section class=\"elementor-section elementor-top-section elementor-element elementor-element-b8b240a elementor-hidden-desktop elementor-hidden-tablet elementor-hidden-mobile elementor-section-boxed elementor-section-height-default elementor-section-height-default\" data-id=\"b8b240a\" data-element_type=\"section\" data-settings=\"{&quot;background_background&quot;:&quot;gradient&quot;}\">\n\t\t\t\t\t\t<div class=\"elementor-container elementor-column-gap-default\">\n\t\t\t\t\t<div class=\"elementor-column elementor-col-50 elementor-top-column elementor-element elementor-element-cfba83c\" data-id=\"cfba83c\" data-element_type=\"column\">\n\t\t\t<div class=\"elementor-widget-wrap elementor-element-populated\">\n\t\t\t\t\t\t<section class=\"elementor-section elementor-inner-section elementor-element elementor-element-f760210 elementor-section-boxed elementor-section-height-default elementor-section-height-default\" data-id=\"f760210\" data-element_type=\"section\">\n\t\t\t\t\t\t<div class=\"elementor-container elementor-column-gap-default\">\n\t\t\t\t\t<div class=\"elementor-column elementor-col-100 elementor-inner-column elementor-element elementor-element-d53f59d\" data-id=\"d53f59d\" data-element_type=\"column\">\n\t\t\t<div class=\"elementor-widget-wrap elementor-element-populated\">\n\t\t\t\t\t\t<div class=\"elementor-element elementor-element-2afccc1 elementor-widget elementor-widget-elementskit-heading\" data-id=\"2afccc1\" data-element_type=\"widget\" data-widget_type=\"elementskit-heading.default\">\n\t\t\t\t<div class=\"elementor-widget-container\">\n\t\t\t<div class=\"ekit-wid-con\" ><div class=\"ekit-heading elementskit-section-title-wraper text_left   ekit_heading_tablet-   ekit_heading_mobile-\"><h2 class=\"ekit-heading--title elementskit-section-title \">Confianza Total para Aumentar tu Autoestima<\/h2>\t\t\t\t<div class='ekit-heading__description'>\n\t\t\t\t\t<p>El curso dictado por Ver\u00f3nica y Florencia Andr\u00e9s con las mejores herramientas para <strong>Aumentar Tu Autoestima<\/strong><\/p>\n\t\t\t\t<\/div>\n\t\t\t<\/div><\/div>\t\t<\/div>\n\t\t\t\t<\/div>\n\t\t\t\t<div class=\"elementor-element elementor-element-5f27b94 elementor-align-left elementor-widget__width-auto elementor-align--tabletcenter elementor-align--mobileleft elementor-widget-tablet__width-initial elementor-widget-mobile__width-initial elementor-widget elementor-widget-elementskit-button\" data-id=\"5f27b94\" data-element_type=\"widget\" data-widget_type=\"elementskit-button.default\">\n\t\t\t\t<div class=\"elementor-widget-container\">\n\t\t\t<div class=\"ekit-wid-con\" >\t\t<div class=\"ekit-btn-wraper\">\n\t\t\t\t\t\t\t<a href=\"https:\/\/miembros.confianza-total.com\/confianza-total-para-aumentar-tu-autoestima_\" class=\"elementskit-btn  whitespace--normal\" id=\"\">\n\t\t\t\t\tQUIERO SABER SOBRE EL CURSO\t\t\t\t<\/a>\n\t\t\t\t\t<\/div>\n        <\/div>\t\t<\/div>\n\t\t\t\t<\/div>\n\t\t\t\t\t<\/div>\n\t\t<\/div>\n\t\t\t\t\t<\/div>\n\t\t<\/section>\n\t\t\t\t<section class=\"elementor-section elementor-inner-section elementor-element elementor-element-30d9e48 elementor-section-boxed elementor-section-height-default elementor-section-height-default\" data-id=\"30d9e48\" data-element_type=\"section\">\n\t\t\t\t\t\t<div class=\"elementor-container elementor-column-gap-default\">\n\t\t\t\t\t<div class=\"elementor-column elementor-col-100 elementor-inner-column elementor-element elementor-element-029ea0d\" data-id=\"029ea0d\" data-element_type=\"column\">\n\t\t\t<div class=\"elementor-widget-wrap elementor-element-populated\">\n\t\t\t\t\t\t<div class=\"elementor-element elementor-element-1ec2345 elementor-widget elementor-widget-elementskit-heading\" data-id=\"1ec2345\" data-element_type=\"widget\" data-widget_type=\"elementskit-heading.default\">\n\t\t\t\t<div class=\"elementor-widget-container\">\n\t\t\t<div class=\"ekit-wid-con\" ><div class=\"ekit-heading elementskit-section-title-wraper text_left   ekit_heading_tablet-   ekit_heading_mobile-\"><h2 class=\"ekit-heading--title elementskit-section-title \">Programar la Mente para \u00e9xito<\/h2>\t\t\t\t<div class='ekit-heading__description'>\n\t\t\t\t\t<p>El curso dictado por Ver\u00f3nica y Florencia Andr\u00e9s con las mejores herramientas para <strong>reprogramar tu mente para el \u00e9xito en tan solo 30 D\u00edas<\/strong><\/p>\n\t\t\t\t<\/div>\n\t\t\t<\/div><\/div>\t\t<\/div>\n\t\t\t\t<\/div>\n\t\t\t\t\t<\/div>\n\t\t<\/div>\n\t\t\t\t\t<\/div>\n\t\t<\/section>\n\t\t\t\t<section class=\"elementor-section elementor-inner-section elementor-element elementor-element-ae60956 elementor-section-boxed elementor-section-height-default elementor-section-height-default\" data-id=\"ae60956\" data-element_type=\"section\">\n\t\t\t\t\t\t<div class=\"elementor-container elementor-column-gap-default\">\n\t\t\t\t\t<div class=\"elementor-column elementor-col-100 elementor-inner-column elementor-element elementor-element-c5a3dce\" data-id=\"c5a3dce\" data-element_type=\"column\">\n\t\t\t<div class=\"elementor-widget-wrap elementor-element-populated\">\n\t\t\t\t\t\t<div class=\"elementor-element elementor-element-6e49fa0 elementor-align-left elementor-widget__width-auto elementor-align--tabletcenter elementor-align--mobileleft elementor-widget-tablet__width-initial elementor-widget-mobile__width-initial elementor-widget elementor-widget-elementskit-button\" data-id=\"6e49fa0\" data-element_type=\"widget\" data-widget_type=\"elementskit-button.default\">\n\t\t\t\t<div class=\"elementor-widget-container\">\n\t\t\t<div class=\"ekit-wid-con\" >\t\t<div class=\"ekit-btn-wraper\">\n\t\t\t\t\t\t\t<a href=\"https:\/\/miembros.confianza-total.com\/vamos-por-mas-mc\" class=\"elementskit-btn  whitespace--normal\" id=\"\">\n\t\t\t\t\tQUIERO SABER SOBRE EL CURSO\t\t\t\t<\/a>\n\t\t\t\t\t<\/div>\n        <\/div>\t\t<\/div>\n\t\t\t\t<\/div>\n\t\t\t\t\t<\/div>\n\t\t<\/div>\n\t\t\t\t\t<\/div>\n\t\t<\/section>\n\t\t\t\t\t<\/div>\n\t\t<\/div>\n\t\t\t\t<div class=\"elementor-column elementor-col-50 elementor-top-column elementor-element elementor-element-87046c5\" data-id=\"87046c5\" data-element_type=\"column\">\n\t\t\t<div class=\"elementor-widget-wrap elementor-element-populated\">\n\t\t\t\t\t\t<div class=\"elementor-element elementor-element-78e8432 elementor-widget elementor-widget-image\" data-id=\"78e8432\" data-element_type=\"widget\" data-widget_type=\"image.default\">\n\t\t\t\t<div class=\"elementor-widget-container\">\n\t\t\t\t\t\t\t\t\t\t\t\t\t<img fetchpriority=\"high\" decoding=\"async\" width=\"453\" height=\"613\" src=\"https:\/\/confianzatotal.net\/wp-content\/uploads\/2023\/07\/confianza-total-florencia-veronica-fondo-alpha.png\" class=\"attachment-medium_large size-medium_large wp-image-20\" alt=\"\" srcset=\"https:\/\/confianzatotal.net\/wp-content\/uploads\/2023\/07\/confianza-total-florencia-veronica-fondo-alpha.png 453w, https:\/\/confianzatotal.net\/wp-content\/uploads\/2023\/07\/confianza-total-florencia-veronica-fondo-alpha-222x300.png 222w\" sizes=\"(max-width: 453px) 100vw, 453px\" \/>\t\t\t\t\t\t\t\t\t\t\t\t\t<\/div>\n\t\t\t\t<\/div>\n\t\t\t\t<div class=\"elementor-element elementor-element-845782f elementor-widget elementor-widget-text-editor\" data-id=\"845782f\" data-element_type=\"widget\" data-widget_type=\"text-editor.default\">\n\t\t\t\t<div class=\"elementor-widget-container\">\n\t\t\t\t\t\t\t<h4>Ver\u00f3nica de Andres &#8211; Florencia Andres<\/h4>\t\t\t\t\t\t<\/div>\n\t\t\t\t<\/div>\n\t\t\t\t\t<\/div>\n\t\t<\/div>\n\t\t\t\t\t<\/div>\n\t\t<\/section>\n\t\t\t\t<section class=\"elementor-section elementor-top-section elementor-element elementor-element-26728a21 elementor-section-boxed elementor-section-height-default elementor-section-height-default\" data-id=\"26728a21\" data-element_type=\"section\" data-settings=\"{&quot;background_background&quot;:&quot;classic&quot;}\">\n\t\t\t\t\t\t<div class=\"elementor-container elementor-column-gap-default\">\n\t\t\t\t\t<div class=\"elementor-column elementor-col-100 elementor-top-column elementor-element elementor-element-71531010\" data-id=\"71531010\" data-element_type=\"column\">\n\t\t\t<div class=\"elementor-widget-wrap elementor-element-populated\">\n\t\t\t\t\t\t<section class=\"elementor-section elementor-inner-section elementor-element elementor-element-68daecd5 elementor-reverse-tablet elementor-reverse-mobile elementor-section-boxed elementor-section-height-default elementor-section-height-default\" data-id=\"68daecd5\" data-element_type=\"section\">\n\t\t\t\t\t\t<div class=\"elementor-container elementor-column-gap-default\">\n\t\t\t\t\t<div class=\"elementor-column elementor-col-50 elementor-inner-column elementor-element elementor-element-2df9a318\" data-id=\"2df9a318\" data-element_type=\"column\">\n\t\t\t<div class=\"elementor-widget-wrap elementor-element-populated\">\n\t\t\t\t\t\t<div class=\"elementor-element elementor-element-3af69d05 ekit-equal-height-enable elementor-widget elementor-widget-elementskit-icon-box\" data-id=\"3af69d05\" data-element_type=\"widget\" data-widget_type=\"elementskit-icon-box.default\">\n\t\t\t\t<div class=\"elementor-widget-container\">\n\t\t\t<div class=\"ekit-wid-con\" >        <!-- link opening -->\n                <!-- end link opening -->\n\n        <div class=\"elementskit-infobox text-center text- icon-top-align elementor-animation-   \">\n                    <div class=\"elementskit-box-header elementor-animation-\">\n                <div class=\"elementskit-info-box-icon  \">\n                    <i aria-hidden=\"true\" class=\"elementkit-infobox-icon icon icon-speed\"><\/i>\n                <\/div>\n          <\/div>\n                        <div class=\"box-body\">\n                            <h3 class=\"elementskit-info-box-title\">\n                    Confianza Total para Aumentar tu Autoestima                <\/h3>\n                        \t\t  \t<p>8 Semanas de transformaci\u00f3n total<\/p>\n                                        <div class=\"box-footer disable_hover_button\">\n                    <div class=\"btn-wraper\">\n                                                            <a class=\"elementskit-btn whitespace--normal\" href=\"https:\/\/miembros.confianza-total.com\/confianza-total-para-aumentar-tu-autoestima\">\n                                                                                QUIERO SABER SOBRE EL CURSO                                    <\/a>\n                                                        <\/div>\n                <\/div>\n                    <\/div>\n        \n        \n                    <div class=\"ekit-icon-box-badge ekit_position_top_right\">\n                <span class=\"ekit-badge\">ABIERTO<\/span>\n            <\/div>\n                <\/div>\n        <\/div>\t\t<\/div>\n\t\t\t\t<\/div>\n\t\t\t\t\t<\/div>\n\t\t<\/div>\n\t\t\t\t<div class=\"elementor-column elementor-col-50 elementor-inner-column elementor-element elementor-element-745b9d62\" data-id=\"745b9d62\" data-element_type=\"column\">\n\t\t\t<div class=\"elementor-widget-wrap elementor-element-populated\">\n\t\t\t\t\t\t<div class=\"elementor-element elementor-element-dc5167a ekit-equal-height-enable elementor-widget elementor-widget-elementskit-icon-box\" data-id=\"dc5167a\" data-element_type=\"widget\" data-widget_type=\"elementskit-icon-box.default\">\n\t\t\t\t<div class=\"elementor-widget-container\">\n\t\t\t<div class=\"ekit-wid-con\" >        <!-- link opening -->\n                <!-- end link opening -->\n\n        <div class=\"elementskit-infobox text-center text- icon-top-align elementor-animation-   \">\n                    <div class=\"elementskit-box-header elementor-animation-\">\n                <div class=\"elementskit-info-box-icon  \">\n                    <i aria-hidden=\"true\" class=\"elementkit-infobox-icon icon icon-trophy1\"><\/i>\n                <\/div>\n          <\/div>\n                        <div class=\"box-body\">\n                            <h3 class=\"elementskit-info-box-title\">\n                    Programar la Mente para \u00e9xito                <\/h3>\n                        \t\t  \t<p>En 30 d\u00edas aprenderas a reprogramar tu mente<\/p>\n                                        <div class=\"box-footer disable_hover_button\">\n                    <div class=\"btn-wraper\">\n                                                            <a class=\"elementskit-btn whitespace--normal\" href=\"https:\/\/miembros.confianza-total.com\/programar-la-mente-para-el-exito\">\n                                                                                QUIERO SABER SOBRE EL CURSO                                    <\/a>\n                                                        <\/div>\n                <\/div>\n                    <\/div>\n        \n        \n                    <div class=\"ekit-icon-box-badge ekit_position_top_right\">\n                <span class=\"ekit-badge\">ABIERTO<\/span>\n            <\/div>\n                <\/div>\n        <\/div>\t\t<\/div>\n\t\t\t\t<\/div>\n\t\t\t\t\t<\/div>\n\t\t<\/div>\n\t\t\t\t\t<\/div>\n\t\t<\/section>\n\t\t\t\t\t<\/div>\n\t\t<\/div>\n\t\t\t\t\t<\/div>\n\t\t<\/section>\n\t\t\t\t<\/div>\n\t\t","protected":false},"excerpt":{"rendered":"<p>#Cursos que hacen bien! Cursos de Confianza Total dictados por Ver\u00f3nica y Florencia Andr\u00e9s con las mejores herramientas. Ver\u00f3nica de Andres &#8211; Florencia Andres Confianza Total para Aumentar tu Autoestima El curso dictado por Ver\u00f3nica y Florencia Andr\u00e9s con las mejores herramientas para Aumentar Tu Autoestima QUIERO SABER SOBRE EL CURSO Programar la Mente para [&hellip;]<\/p>\n","protected":false},"author":1,"featured_media":0,"parent":0,"menu_order":0,"comment_status":"closed","ping_status":"closed","template":"elementor_canvas","meta":[],"_links":{"self":[{"href":"https:\/\/confianzatotal.net\/index.php?rest_route=\/wp\/v2\/pages\/17"}],"collection":[{"href":"https:\/\/confianzatotal.net\/index.php?rest_route=\/wp\/v2\/pages"}],"about":[{"href":"https:\/\/confianzatotal.net\/index.php?rest_route=\/wp\/v2\/types\/page"}],"author":[{"embeddable":true,"href":"https:\/\/confianzatotal.net\/index.php?rest_route=\/wp\/v2\/users\/1"}],"replies":[{"embeddable":true,"href":"https:\/\/confianzatotal.net\/index.php?rest_route=%2Fwp%2Fv2%2Fcomments&post=17"}],"version-history":[{"count":157,"href":"https:\/\/confianzatotal.net\/index.php?rest_route=\/wp\/v2\/pages\/17\/revisions"}],"predecessor-version":[{"id":239,"href":"https:\/\/confianzatotal.net\/index.php?rest_route=\/wp\/v2\/pages\/17\/revisions\/239"}],"wp:attachment":[{"href":"https:\/\/confianzatotal.net\/index.php?rest_route=%2Fwp%2Fv2%2Fmedia&parent=17"}],"curies":[{"name":"wp","href":"https:\/\/api.w.org\/{rel}","templated":true}]}}